{"id":846,"date":"2020-03-30T22:43:47","date_gmt":"2020-03-30T22:43:47","guid":{"rendered":"http:\/\/el.commonsupport.com\/newwp\/naxly\/?page_id=846"},"modified":"2021-07-22T14:38:23","modified_gmt":"2021-07-22T12:38:23","slug":"noticias","status":"publish","type":"page","link":"https:\/\/aprendesemillainnova.com\/?page_id=846","title":{"rendered":"NOTICIAS"},"content":{"rendered":"\t\t<div data-elementor-type=\"wp-page\" data-elementor-id=\"846\" class=\"elementor elementor-846\" data-elementor-settings=\"[]\">\n\t\t\t\t\t\t\t<div class=\"elementor-section-wrap\">\n\t\t\t\t\t\t\t<section class=\"elementor-section elementor-top-section elementor-element elementor-element-86d2a0a elementor-section-full_width elementor-section-height-default elementor-section-height-default\" data-id=\"86d2a0a\" data-element_type=\"section\">\n\t\t\t\t\t\t<div class=\"elementor-container elementor-column-gap-default\">\n\t\t\t\t\t<div class=\"elementor-column elementor-col-100 elementor-top-column elementor-element elementor-element-72d9d33\" data-id=\"72d9d33\" data-element_type=\"column\">\n\t\t\t<div class=\"elementor-widget-wrap elementor-element-populated\">\n\t\t\t\t\t\t\t\t<div class=\"elementor-element elementor-element-387053a elementor-widget elementor-widget-naxly_latest_news\" data-id=\"387053a\" data-element_type=\"widget\" data-widget_type=\"naxly_latest_news.default\">\n\t\t\t\t<div class=\"elementor-widget-container\">\n\t\t\t\t\t\t\r\n        <!-- news-section -->\r\n        <section class=\"news-section sec-pad \">\r\n                        <div class=\"lower-content\">\r\n                <div class=\"auto-container\">\r\n                    <div class=\"inner-content\">\r\n                        <div class=\"row clearfix\">\r\n                                                        <div class=\"col-lg-4 col-md-6 col-sm-12 news-block\">\r\n                                <div class=\"news-block-one wow fadeInUp\" data-wow-delay=\"00ms\" data-wow-duration=\"1500ms\">\r\n                                    <div class=\"inner-box\">\r\n                                        <figure class=\"image-box\">\r\n                                            <img width=\"370\" height=\"250\" src=\"https:\/\/aprendesemillainnova.com\/wp-content\/uploads\/2020\/08\/Screen-Shot-2021-07-11-at-23.20.36-370x250.png\" class=\"attachment-naxly_370x250 size-naxly_370x250 wp-post-image\" alt=\"\" loading=\"lazy\" \/>                                            <a href=\"https:\/\/aprendesemillainnova.com\/wp-content\/uploads\/2020\/08\/Screen-Shot-2021-07-11-at-23.20.36.png\" class=\"lightbox-image\" data-fancybox=\"gallery\"><i class=\"flaticon-zoom\"><\/i><\/a>\r\n                                        <\/figure>\r\n                                        <div class=\"lower-content\">\r\n                                            <div class=\"file-box\"><i class=\"far fa-folder-open\"><\/i><p><a href=\"https:\/\/aprendesemillainnova.com\/?cat=60\" rel=\"category\">noticias<\/a><\/p><\/div>\r\n                                            <div class=\"title-box\">\r\n                                                <div class=\"post-date\"><p>28<\/p><span>Ago<\/span><\/div>\r\n                                                <h4><a href=\"https:\/\/aprendesemillainnova.com\/?p=635\">As\u00ed ense\u00f1a el MIT<\/a><\/h4>\r\n                                            <\/div>\r\n                                            <div class=\"text\">\r\n                                                <p>As\u00ed ense\u00f1a el MIT inteligencia artificial a los ni\u00f1os via El Pais Democratizar el desarrollo ...<\/p>\r\n                                            <\/div>\r\n                                            <div class=\"link\"><a href=\"https:\/\/aprendesemillainnova.com\/?p=635\" class=\"btn-style-four\">Read More<span>+<\/span><\/a><\/div>\r\n                                        <\/div>\r\n                                    <\/div>\r\n                                <\/div>\r\n                            <\/div>\r\n                                                        <div class=\"col-lg-4 col-md-6 col-sm-12 news-block\">\r\n                                <div class=\"news-block-one wow fadeInUp\" data-wow-delay=\"00ms\" data-wow-duration=\"1500ms\">\r\n                                    <div class=\"inner-box\">\r\n                                        <figure class=\"image-box\">\r\n                                            <img width=\"370\" height=\"250\" src=\"https:\/\/aprendesemillainnova.com\/wp-content\/uploads\/2021\/07\/Talleres_Telecentros_RedSemilla_AI-370x250.jpg\" class=\"attachment-naxly_370x250 size-naxly_370x250 wp-post-image\" alt=\"\" loading=\"lazy\" \/>                                            <a href=\"https:\/\/aprendesemillainnova.com\/wp-content\/uploads\/2021\/07\/Talleres_Telecentros_RedSemilla_AI.jpg\" class=\"lightbox-image\" data-fancybox=\"gallery\"><i class=\"flaticon-zoom\"><\/i><\/a>\r\n                                        <\/figure>\r\n                                        <div class=\"lower-content\">\r\n                                            <div class=\"file-box\"><i class=\"far fa-folder-open\"><\/i><p><a href=\"https:\/\/aprendesemillainnova.com\/?cat=60\" rel=\"category\">noticias<\/a><\/p><\/div>\r\n                                            <div class=\"title-box\">\r\n                                                <div class=\"post-date\"><p>12<\/p><span>Jul<\/span><\/div>\r\n                                                <h4><a href=\"https:\/\/aprendesemillainnova.com\/?p=617\">Talleres en Telecentros Red Semilla<\/a><\/h4>\r\n                                            <\/div>\r\n                                            <div class=\"text\">\r\n                                                <p>Talleres Telecentros Fuerteventura. Red Semilla Fuerteventura Una iniciativa para fomentar las competencias digitales del siglo ...<\/p>\r\n                                            <\/div>\r\n                                            <div class=\"link\"><a href=\"https:\/\/aprendesemillainnova.com\/?p=617\" class=\"btn-style-four\">Read More<span>+<\/span><\/a><\/div>\r\n                                        <\/div>\r\n                                    <\/div>\r\n                                <\/div>\r\n                            <\/div>\r\n                                                        <div class=\"col-lg-4 col-md-6 col-sm-12 news-block\">\r\n                                <div class=\"news-block-one wow fadeInUp\" data-wow-delay=\"00ms\" data-wow-duration=\"1500ms\">\r\n                                    <div class=\"inner-box\">\r\n                                        <figure class=\"image-box\">\r\n                                            <img width=\"370\" height=\"250\" src=\"https:\/\/aprendesemillainnova.com\/wp-content\/uploads\/2020\/08\/Screen-Shot-2021-07-22-at-14.24.04-370x250.png\" class=\"attachment-naxly_370x250 size-naxly_370x250 wp-post-image\" alt=\"\" loading=\"lazy\" \/>                                            <a href=\"https:\/\/aprendesemillainnova.com\/wp-content\/uploads\/2020\/08\/Screen-Shot-2021-07-22-at-14.24.04.png\" class=\"lightbox-image\" data-fancybox=\"gallery\"><i class=\"flaticon-zoom\"><\/i><\/a>\r\n                                        <\/figure>\r\n                                        <div class=\"lower-content\">\r\n                                            <div class=\"file-box\"><i class=\"far fa-folder-open\"><\/i><p><a href=\"https:\/\/aprendesemillainnova.com\/?cat=60\" rel=\"category\">noticias<\/a><\/p><\/div>\r\n                                            <div class=\"title-box\">\r\n                                                <div class=\"post-date\"><p>22<\/p><span>Jul<\/span><\/div>\r\n                                                <h4><a href=\"https:\/\/aprendesemillainnova.com\/?p=2040\">\u00bfC\u00f3mo transformar\u00e1 la inteligencia artificial nuestra sociedad?<\/a><\/h4>\r\n                                            <\/div>\r\n                                            <div class=\"text\">\r\n                                                <p>1MillionBot, una start-up especializada en&nbsp;IA&nbsp;con sede en Alicante, cre\u00f3 un chatbot capaz de compartir informaci\u00f3n ...<\/p>\r\n                                            <\/div>\r\n                                            <div class=\"link\"><a href=\"https:\/\/aprendesemillainnova.com\/?p=2040\" class=\"btn-style-four\">Read More<span>+<\/span><\/a><\/div>\r\n                                        <\/div>\r\n                                    <\/div>\r\n                                <\/div>\r\n                            <\/div>\r\n                                                        <div class=\"col-lg-4 col-md-6 col-sm-12 news-block\">\r\n                                <div class=\"news-block-one wow fadeInUp\" data-wow-delay=\"00ms\" data-wow-duration=\"1500ms\">\r\n                                    <div class=\"inner-box\">\r\n                                        <figure class=\"image-box\">\r\n                                            <img width=\"370\" height=\"250\" src=\"https:\/\/aprendesemillainnova.com\/wp-content\/uploads\/2021\/07\/Screen-Shot-2021-07-22-at-14.35.21-370x250.png\" class=\"attachment-naxly_370x250 size-naxly_370x250 wp-post-image\" alt=\"\" loading=\"lazy\" \/>                                            <a href=\"https:\/\/aprendesemillainnova.com\/wp-content\/uploads\/2021\/07\/Screen-Shot-2021-07-22-at-14.35.21.png\" class=\"lightbox-image\" data-fancybox=\"gallery\"><i class=\"flaticon-zoom\"><\/i><\/a>\r\n                                        <\/figure>\r\n                                        <div class=\"lower-content\">\r\n                                            <div class=\"file-box\"><i class=\"far fa-folder-open\"><\/i><p><a href=\"https:\/\/aprendesemillainnova.com\/?cat=60\" rel=\"category\">noticias<\/a><\/p><\/div>\r\n                                            <div class=\"title-box\">\r\n                                                <div class=\"post-date\"><p>22<\/p><span>Jul<\/span><\/div>\r\n                                                <h4><a href=\"https:\/\/aprendesemillainnova.com\/?p=2045\">\u00bfQu\u00e9 es la inteligencia artificial  y c\u00f3mo se usa? Parlamento Europeo<\/a><\/h4>\r\n                                            <\/div>\r\n                                            <div class=\"text\">\r\n                                                <p>\u00bfQu\u00e9 es la inteligencia artificial y c\u00f3mo se usa? via Parlamento Europeo Es el presente ...<\/p>\r\n                                            <\/div>\r\n                                            <div class=\"link\"><a href=\"https:\/\/aprendesemillainnova.com\/?p=2045\" class=\"btn-style-four\">Read More<span>+<\/span><\/a><\/div>\r\n                                        <\/div>\r\n                                    <\/div>\r\n                                <\/div>\r\n                            <\/div>\r\n                                                        <div class=\"col-lg-4 col-md-6 col-sm-12 news-block\">\r\n                                <div class=\"news-block-one wow fadeInUp\" data-wow-delay=\"00ms\" data-wow-duration=\"1500ms\">\r\n                                    <div class=\"inner-box\">\r\n                                        <figure class=\"image-box\">\r\n                                            <img width=\"370\" height=\"250\" src=\"https:\/\/aprendesemillainnova.com\/wp-content\/uploads\/2021\/07\/Screen-Shot-2021-07-22-at-14.40.35-370x250.png\" class=\"attachment-naxly_370x250 size-naxly_370x250 wp-post-image\" alt=\"\" loading=\"lazy\" \/>                                            <a href=\"https:\/\/aprendesemillainnova.com\/wp-content\/uploads\/2021\/07\/Screen-Shot-2021-07-22-at-14.40.35.png\" class=\"lightbox-image\" data-fancybox=\"gallery\"><i class=\"flaticon-zoom\"><\/i><\/a>\r\n                                        <\/figure>\r\n                                        <div class=\"lower-content\">\r\n                                            <div class=\"file-box\"><i class=\"far fa-folder-open\"><\/i><p><a href=\"https:\/\/aprendesemillainnova.com\/?cat=60\" rel=\"category\">noticias<\/a><\/p><\/div>\r\n                                            <div class=\"title-box\">\r\n                                                <div class=\"post-date\"><p>22<\/p><span>Jul<\/span><\/div>\r\n                                                <h4><a href=\"https:\/\/aprendesemillainnova.com\/?p=2051\">\u00bfQu\u00e9 es la inteligencia artificial y para qu\u00e9 sirve?<\/a><\/h4>\r\n                                            <\/div>\r\n                                            <div class=\"text\">\r\n                                                <p>\u00bfQu\u00e9 es la Inteligencia Artificial y para qu\u00e9 sirve la IA? via revistaderobots La Inteligencia ...<\/p>\r\n                                            <\/div>\r\n                                            <div class=\"link\"><a href=\"https:\/\/aprendesemillainnova.com\/?p=2051\" class=\"btn-style-four\">Read More<span>+<\/span><\/a><\/div>\r\n                                        <\/div>\r\n                                    <\/div>\r\n                                <\/div>\r\n                            <\/div>\r\n                                                        <div class=\"col-lg-4 col-md-6 col-sm-12 news-block\">\r\n                                <div class=\"news-block-one wow fadeInUp\" data-wow-delay=\"00ms\" data-wow-duration=\"1500ms\">\r\n                                    <div class=\"inner-box\">\r\n                                        <figure class=\"image-box\">\r\n                                            <img width=\"370\" height=\"250\" src=\"https:\/\/aprendesemillainnova.com\/wp-content\/uploads\/2021\/07\/Screen-Shot-2021-07-22-at-14.45.47-370x250.png\" class=\"attachment-naxly_370x250 size-naxly_370x250 wp-post-image\" alt=\"\" loading=\"lazy\" \/>                                            <a href=\"https:\/\/aprendesemillainnova.com\/wp-content\/uploads\/2021\/07\/Screen-Shot-2021-07-22-at-14.45.47.png\" class=\"lightbox-image\" data-fancybox=\"gallery\"><i class=\"flaticon-zoom\"><\/i><\/a>\r\n                                        <\/figure>\r\n                                        <div class=\"lower-content\">\r\n                                            <div class=\"file-box\"><i class=\"far fa-folder-open\"><\/i><p><a href=\"https:\/\/aprendesemillainnova.com\/?cat=60\" rel=\"category\">noticias<\/a><\/p><\/div>\r\n                                            <div class=\"title-box\">\r\n                                                <div class=\"post-date\"><p>22<\/p><span>Jul<\/span><\/div>\r\n                                                <h4><a href=\"https:\/\/aprendesemillainnova.com\/?p=2054\">SPAIN AI<\/a><\/h4>\r\n                                            <\/div>\r\n                                            <div class=\"text\">\r\n                                                <p>DESCUBRE LA INTELIGENCIA ARTIFICIAL APLICADA Spain AI es una asociaci\u00f3n sin \u00e1nimo de lucro que ...<\/p>\r\n                                            <\/div>\r\n                                            <div class=\"link\"><a href=\"https:\/\/aprendesemillainnova.com\/?p=2054\" class=\"btn-style-four\">Read More<span>+<\/span><\/a><\/div>\r\n                                        <\/div>\r\n                                    <\/div>\r\n                                <\/div>\r\n                            <\/div>\r\n                                                    <\/div>\r\n                    <\/div>\r\n                <\/div>\r\n            <\/div>\r\n        <\/section>\r\n        <!-- news-section end -->    \r\n        \r\n        \t\t<\/div>\n\t\t\t\t<\/div>\n\t\t\t\t\t<\/div>\n\t\t<\/div>\n\t\t\t\t\t\t\t<\/div>\n\t\t<\/section>\n\t\t\t\t\t\t<\/div>\n\t\t\t\t\t<\/div>\n\t\t","protected":false},"excerpt":{"rendered":"<p>noticias 28 Ago As\u00ed ense\u00f1a el MIT As\u00ed ense\u00f1a el MIT inteligencia artificial a los ni\u00f1os PopBot es un robot social dise\u00f1ado &#8230; Read More+ noticias 12 Jul Talleres en Telecentros Iniciaci\u00f3n a la Inteligencia Artificial, IA Una smart island es una isla capaz de gestionar &#8230; Read More+ noticias 22 Jul \u00bfC\u00f3mo transformar\u00e1 la [&hellip;]<\/p>\n","protected":false},"author":1,"featured_media":0,"parent":0,"menu_order":0,"comment_status":"closed","ping_status":"closed","template":"tpl-default-elementor.php","meta":[],"_links":{"self":[{"href":"https:\/\/aprendesemillainnova.com\/index.php?rest_route=\/wp\/v2\/pages\/846"}],"collection":[{"href":"https:\/\/aprendesemillainnova.com\/index.php?rest_route=\/wp\/v2\/pages"}],"about":[{"href":"https:\/\/aprendesemillainnova.com\/index.php?rest_route=\/wp\/v2\/types\/page"}],"author":[{"embeddable":true,"href":"https:\/\/aprendesemillainnova.com\/index.php?rest_route=\/wp\/v2\/users\/1"}],"replies":[{"embeddable":true,"href":"https:\/\/aprendesemillainnova.com\/index.php?rest_route=%2Fwp%2Fv2%2Fcomments&post=846"}],"version-history":[{"count":9,"href":"https:\/\/aprendesemillainnova.com\/index.php?rest_route=\/wp\/v2\/pages\/846\/revisions"}],"predecessor-version":[{"id":2050,"href":"https:\/\/aprendesemillainnova.com\/index.php?rest_route=\/wp\/v2\/pages\/846\/revisions\/2050"}],"wp:attachment":[{"href":"https:\/\/aprendesemillainnova.com\/index.php?rest_route=%2Fwp%2Fv2%2Fmedia&parent=846"}],"curies":[{"name":"wp","href":"https:\/\/api.w.org\/{rel}","templated":true}]}}