{"id":762,"date":"2020-03-30T21:05:48","date_gmt":"2020-03-30T21:05:48","guid":{"rendered":"http:\/\/el.commonsupport.com\/newwp\/naxly\/?page_id=762"},"modified":"2021-12-13T19:16:16","modified_gmt":"2021-12-13T18:16:16","slug":"acerca_de","status":"publish","type":"page","link":"https:\/\/aprendesemillainnova.com\/?page_id=762","title":{"rendered":"Acerca de"},"content":{"rendered":"\t\t<div data-elementor-type=\"wp-page\" data-elementor-id=\"762\" class=\"elementor elementor-762\" data-elementor-settings=\"[]\">\n\t\t\t\t\t\t\t<div class=\"elementor-section-wrap\">\n\t\t\t\t\t\t\t<section class=\"elementor-section elementor-top-section elementor-element elementor-element-f87e333 elementor-section-full_width elementor-section-height-default elementor-section-height-default\" data-id=\"f87e333\" data-element_type=\"section\">\n\t\t\t\t\t\t<div class=\"elementor-container elementor-column-gap-default\">\n\t\t\t\t\t<div class=\"elementor-column elementor-col-100 elementor-top-column elementor-element elementor-element-a6434fb\" data-id=\"a6434fb\" data-element_type=\"column\">\n\t\t\t<div class=\"elementor-widget-wrap elementor-element-populated\">\n\t\t\t\t\t\t\t\t<div class=\"elementor-element elementor-element-be4c9c0 elementor-widget elementor-widget-naxly_about_company_v4\" data-id=\"be4c9c0\" data-element_type=\"widget\" data-widget_type=\"naxly_about_company_v4.default\">\n\t\t\t\t<div class=\"elementor-widget-container\">\n\t\t\t        \r\n        <!-- about-style-four -->\r\n        <section class=\"about-style-four\">\r\n            <div class=\"pattern-layer\" style=\"background-image: url(https:\/\/aprendesemillainnova.com\/wp-content\/themes\/naxly\/assets\/images\/shape\/shape-25.png);\"><\/div>\r\n            <div class=\"auto-container\">\r\n                <div class=\"row clearfix\">\r\n                    <div class=\"col-lg-6 col-md-12 col-sm-12 image-column\">\r\n                        <div id=\"image_block_03\">\r\n                            <div class=\"image-box\">\r\n                                <div class=\"pattern-layer rotate-me\" style=\"background-image: url(https:\/\/aprendesemillainnova.com\/wp-content\/themes\/naxly\/assets\/images\/shape\/shape-24.png);\"><\/div>\r\n                                <figure class=\"image image-1\"><img src=\"https:\/\/aprendesemillainnova.com\/wp-content\/uploads\/2021\/07\/Screen-Shot-2021-07-08-at-16.51.08.png\" alt=\"Awesome Image\"><\/figure>\r\n                                <figure class=\"image image-2 wow slideInLeft\" data-wow-delay=\"00ms\" data-wow-duration=\"1500ms\"><img src=\"https:\/\/aprendesemillainnova.com\/wp-content\/uploads\/2021\/07\/logo-1.png\" alt=\"Awesome Image\"><\/figure>\r\n                                <figure class=\"image image-3 wow slideInLeft\" data-wow-delay=\"00ms\" data-wow-duration=\"1500ms\"><img src=\"https:\/\/aprendesemillainnova.com\/wp-content\/uploads\/2021\/07\/001.png\" alt=\"Awesome Image\"><\/figure>\r\n                            <\/div>\r\n                        <\/div>\r\n                    <\/div>\r\n                    <div class=\"col-lg-6 col-md-12 col-sm-12 content-column\">\r\n                        <div id=\"content_block_08\">\r\n                            <div class=\"content-box mt-10\">\r\n                                <div class=\"sec-title text-left\">\r\n                                    <p>FUERTEVENTURA SMART ISLAND<\/p>\r\n                                    <h2>Un proyecto que persigue convertir a la isla en un territorio m\u00e1s inteligente, gestionado de forma m\u00e1s eficiente y sostenible.<\/h2>\r\n                                    <div class=\"decor\" style=\"background-image: url(https:\/\/aprendesemillainnova.com\/wp-content\/themes\/naxly\/assets\/images\/icons\/decor-1.png);\"><\/div>\r\n                                <\/div>\r\n                                <div class=\"text\">\r\n                                    <p>Un proyecto que persigue convertir a la isla en un territorio m\u00e1s inteligente, gestionado de forma m\u00e1s eficiente y sostenible.<\/p>\r\n                                <\/div>\r\n                                <ul class=\"list-item clearfix\">\r\n                                    \t\t\t\t\t\t\t\t\t                                    <li><span class=\"dots\"><\/span>El objetivo es crear entornos econ\u00f3mica, social y medioambientalmente sostenibles; el incremento de la calidad de vida de los ciudadanos; la mayor eficacia de los recursos disponibles y la participaci\u00f3n ciudadana activa. Para conseguirlo se aplican las TIC (Tecnolog\u00edas de la Informaci\u00f3n y la Comunicaci\u00f3n)<\/li>\r\n                                                                    <\/ul>\r\n                                <div class=\"btn-box\"><a href=\"https:\/\/emprende.cabildofuer.es\/blog-de-emprendimiento\/programa-fuerteventura-emprende\" class=\"theme-btn style-nine\">M\u00e1s informaci\u00f3n<\/a><\/div>\r\n                                <div class=\"lower-text\"><h6><i class=\"fas fa-angle-right\"><\/i> <\/h6><\/div>\r\n                            <\/div>\r\n                        <\/div>\r\n                    <\/div>\r\n                <\/div>\r\n            <\/div>\r\n        <\/section>\r\n        <!-- about-style-four end -->\t\r\n          \r\n\t\t\t\t<\/div>\n\t\t\t\t<\/div>\n\t\t\t\t\t<\/div>\n\t\t<\/div>\n\t\t\t\t\t\t\t<\/div>\n\t\t<\/section>\n\t\t\t\t\t\t<\/div>\n\t\t\t\t\t<\/div>\n\t\t","protected":false},"excerpt":{"rendered":"<p>FUERTEVENTURA SMART ISLAND Un proyecto que persigue convertir a la isla en un territorio m\u00e1s inteligente, gestionado de forma m\u00e1s eficiente y sostenible. Un proyecto que persigue convertir a la isla en un territorio m\u00e1s inteligente, gestionado de forma m\u00e1s eficiente y sostenible. El objetivo es crear entornos econ\u00f3mica, social y medioambientalmente sostenibles; el incremento [&hellip;]<\/p>\n","protected":false},"author":1,"featured_media":0,"parent":0,"menu_order":0,"comment_status":"closed","ping_status":"closed","template":"tpl-default-elementor.php","meta":[],"_links":{"self":[{"href":"https:\/\/aprendesemillainnova.com\/index.php?rest_route=\/wp\/v2\/pages\/762"}],"collection":[{"href":"https:\/\/aprendesemillainnova.com\/index.php?rest_route=\/wp\/v2\/pages"}],"about":[{"href":"https:\/\/aprendesemillainnova.com\/index.php?rest_route=\/wp\/v2\/types\/page"}],"author":[{"embeddable":true,"href":"https:\/\/aprendesemillainnova.com\/index.php?rest_route=\/wp\/v2\/users\/1"}],"replies":[{"embeddable":true,"href":"https:\/\/aprendesemillainnova.com\/index.php?rest_route=%2Fwp%2Fv2%2Fcomments&post=762"}],"version-history":[{"count":42,"href":"https:\/\/aprendesemillainnova.com\/index.php?rest_route=\/wp\/v2\/pages\/762\/revisions"}],"predecessor-version":[{"id":2348,"href":"https:\/\/aprendesemillainnova.com\/index.php?rest_route=\/wp\/v2\/pages\/762\/revisions\/2348"}],"wp:attachment":[{"href":"https:\/\/aprendesemillainnova.com\/index.php?rest_route=%2Fwp%2Fv2%2Fmedia&parent=762"}],"curies":[{"name":"wp","href":"https:\/\/api.w.org\/{rel}","templated":true}]}}