{"id":737,"date":"2020-03-30T19:22:07","date_gmt":"2020-03-30T19:22:07","guid":{"rendered":"http:\/\/el.commonsupport.com\/newwp\/naxly\/?page_id=737"},"modified":"2021-07-26T19:56:55","modified_gmt":"2021-07-26T17:56:55","slug":"experimenta","status":"publish","type":"page","link":"https:\/\/aprendesemillainnova.com\/?page_id=737","title":{"rendered":"EXPERIMENTA"},"content":{"rendered":"\t\t<div data-elementor-type=\"wp-page\" data-elementor-id=\"737\" class=\"elementor elementor-737\" data-elementor-settings=\"[]\">\n\t\t\t\t\t\t\t<div class=\"elementor-section-wrap\">\n\t\t\t\t\t\t\t<section class=\"elementor-section elementor-top-section elementor-element elementor-element-4ea15af elementor-section-boxed elementor-section-height-default elementor-section-height-default\" data-id=\"4ea15af\" data-element_type=\"section\">\n\t\t\t\t\t\t<div class=\"elementor-container elementor-column-gap-default\">\n\t\t\t\t\t<div class=\"elementor-column elementor-col-100 elementor-top-column elementor-element elementor-element-60cb08a\" data-id=\"60cb08a\" data-element_type=\"column\">\n\t\t\t<div class=\"elementor-widget-wrap elementor-element-populated\">\n\t\t\t\t\t\t\t\t<div class=\"elementor-element elementor-element-b5766d3 elementor-widget elementor-widget-naxly_feature_services_v2\" data-id=\"b5766d3\" data-element_type=\"widget\" data-widget_type=\"naxly_feature_services_v2.default\">\n\t\t\t\t<div class=\"elementor-widget-container\">\n\t\t\t\t\t\t\n        <!-- service-style-three -->\n        <section class=\"service-style-three\">\n            <div class=\"auto-container\">\n                <div class=\"row clearfix\">\n                                                            <div class=\"col-lg-4 col-md-6 col-sm-12 service-block\">\n                        <div class=\"service-block-three wow flipInY\" data-wow-delay=\"00ms\" data-wow-duration=\"1500ms\">\n                            <div class=\"inner-box\">\n                                <h3><a href=\"https:\/\/www.wildme.org\/#\/platforms\">SOMOS WILD ME<\/a><\/h3>\n                                <figure class=\"image-box\"><img width=\"200\" height=\"160\" src=\"https:\/\/aprendesemillainnova.com\/wp-content\/uploads\/2020\/12\/Screen-Shot-2021-09-06-at-23.13.20-200x160.png\" class=\"attachment-naxly_200x160 size-naxly_200x160 wp-post-image\" alt=\"\" loading=\"lazy\" \/><\/figure>\n                                <p>Wild Me pertenece a AI for Earth para proporcionar nuevos recursos y apoyo con el objetivo de ampliar y acelerar este trabajo cient\u00edfico de conservaci\u00f3n. A trav\u00e9s de esta colaboraci\u00f3n, las organizaciones ven un futuro en el que la conservaci\u00f3n estar\u00e1 mejor sustentada por datos, lo ...<\/p>\n                                <div class=\"link\"><a href=\"https:\/\/www.wildme.org\/#\/platforms\"><i class=\"fas fa-angle-left\"><\/i>Read More<i class=\"fas fa-angle-right\"><\/i><\/a><\/div>\n                            <\/div>\n                        <\/div>\n                    <\/div>\n                                         \n                    <div class=\"col-lg-4 col-md-6 col-sm-12 service-block\">\n                        <div class=\"service-block-three wow flipInY\" data-wow-delay=\"200ms\" data-wow-duration=\"1500ms\">\n                            <div class=\"inner-box\">\n                                <figure class=\"image-box\"><img width=\"200\" height=\"160\" src=\"https:\/\/aprendesemillainnova.com\/wp-content\/uploads\/2020\/03\/12-200x160.jpeg\" class=\"attachment-naxly_200x160 size-naxly_200x160 wp-post-image\" alt=\"\" loading=\"lazy\" \/><\/figure>\n                                <h3><a href=\"http:\/\/cognimates.me\/home\/\">Cognimates<\/a><\/h3>\n                                <p>Cognimates\u00a0es una plataforma educativa de IA para crear juegos, programar robots y entrenar modelos de IA. Basado en Scratch, con much\u00edsimas extensiones:<\/p>\n                                <div class=\"link\"><a href=\"http:\/\/cognimates.me\/home\/\"><i class=\"fas fa-angle-left\"><\/i>Read More<i class=\"fas fa-angle-right\"><\/i><\/a><\/div>\n                            <\/div>\n                        <\/div>\n                    <\/div>\n\t\t\t\t\t                                        <div class=\"col-lg-4 col-md-6 col-sm-12 service-block\">\n                        <div class=\"service-block-three wow flipInY\" data-wow-delay=\"00ms\" data-wow-duration=\"1500ms\">\n                            <div class=\"inner-box\">\n                                <h3><a href=\"https:\/\/openai.com\/blog\/dall-e\/\">DALL\u00b7E: Creating Images from Text<\/a><\/h3>\n                                <figure class=\"image-box\"><img width=\"200\" height=\"160\" src=\"https:\/\/aprendesemillainnova.com\/wp-content\/uploads\/2020\/03\/34-200x160.jpeg\" class=\"attachment-naxly_200x160 size-naxly_200x160 wp-post-image\" alt=\"\" loading=\"lazy\" \/><\/figure>\n                                <p>OpenAI ha dise\u00f1ado un sistema de Inteligencia Artificial que hace precisamente esto, convertir una cadena de texto en una imagen. Lo han bautizado DALL-E, creando un curioso juego de palabras.<\/p>\n                                <div class=\"link\"><a href=\"https:\/\/openai.com\/blog\/dall-e\/\"><i class=\"fas fa-angle-left\"><\/i>Read More<i class=\"fas fa-angle-right\"><\/i><\/a><\/div>\n                            <\/div>\n                        <\/div>\n                    <\/div>\n                                         \n                    <div class=\"col-lg-4 col-md-6 col-sm-12 service-block\">\n                        <div class=\"service-block-three wow flipInY\" data-wow-delay=\"200ms\" data-wow-duration=\"1500ms\">\n                            <div class=\"inner-box\">\n                                <figure class=\"image-box\"><img width=\"200\" height=\"160\" src=\"https:\/\/aprendesemillainnova.com\/wp-content\/uploads\/2020\/03\/Screen-Shot-2021-08-26-at-12.17.28-200x160.png\" class=\"attachment-naxly_200x160 size-naxly_200x160 wp-post-image\" alt=\"\" loading=\"lazy\" \/><\/figure>\n                                <h3><a href=\"https:\/\/www.plushpal.app\/\">plushpal.app<\/a><\/h3>\n                                <p>PlushPal es una herramienta para crear juguetes interactivos usando Microbit. Con PlushPal, puedeS programar tu peluche para que responda con sonidos basados \u200b\u200ben gestos personalizados.<\/p>\n                                <div class=\"link\"><a href=\"https:\/\/www.plushpal.app\/\"><i class=\"fas fa-angle-left\"><\/i>Read More<i class=\"fas fa-angle-right\"><\/i><\/a><\/div>\n                            <\/div>\n                        <\/div>\n                    <\/div>\n\t\t\t\t\t                                        <div class=\"col-lg-4 col-md-6 col-sm-12 service-block\">\n                        <div class=\"service-block-three wow flipInY\" data-wow-delay=\"00ms\" data-wow-duration=\"1500ms\">\n                            <div class=\"inner-box\">\n                                <h3><a href=\"https:\/\/play.google.com\/store\/apps\/details?id=com.google.ar.lens&hl=es&gl=US\">Google Lens<\/a><\/h3>\n                                <figure class=\"image-box\"><img width=\"200\" height=\"160\" src=\"https:\/\/aprendesemillainnova.com\/wp-content\/uploads\/2020\/12\/download-1-200x160.png\" class=\"attachment-naxly_200x160 size-naxly_200x160 wp-post-image\" alt=\"\" loading=\"lazy\" \/><\/figure>\n                                <p>Con Google\u00a0Lens puedes buscar informaci\u00f3n sobre todo aquello que veas, completar tareas m\u00e1s r\u00e1pido y comprender mejor el mundo que te rodea, y todo simplemente con tu c\u00e1mara o una foto.<\/p>\n                                <div class=\"link\"><a href=\"https:\/\/play.google.com\/store\/apps\/details?id=com.google.ar.lens&hl=es&gl=US\"><i class=\"fas fa-angle-left\"><\/i>Read More<i class=\"fas fa-angle-right\"><\/i><\/a><\/div>\n                            <\/div>\n                        <\/div>\n                    <\/div>\n                                         \n                    <div class=\"col-lg-4 col-md-6 col-sm-12 service-block\">\n                        <div class=\"service-block-three wow flipInY\" data-wow-delay=\"200ms\" data-wow-duration=\"1500ms\">\n                            <div class=\"inner-box\">\n                                <figure class=\"image-box\"><img width=\"200\" height=\"160\" src=\"https:\/\/aprendesemillainnova.com\/wp-content\/uploads\/2020\/03\/Screen-Shot-2021-07-26-at-21.05.28-200x160.png\" class=\"attachment-naxly_200x160 size-naxly_200x160 wp-post-image\" alt=\"\" loading=\"lazy\" \/><\/figure>\n                                <h3><a href=\"https:\/\/shadowart.withgoogle.com\/?lang=en-us\">Shadowart<\/a><\/h3>\n                                <p>Shadow Art es un juego basado en navegador web que te permite experimentar la IA y los t\u00edteres de sombras de una manera l\u00fadica. Para llevar lo que sol\u00eda ser una experiencia sin conexi\u00f3n en l\u00ednea, usamos TensorFlow.js, una biblioteca de TensorFlow que facilita la creaci\u00f3n ...<\/p>\n                                <div class=\"link\"><a href=\"https:\/\/shadowart.withgoogle.com\/?lang=en-us\"><i class=\"fas fa-angle-left\"><\/i>Read More<i class=\"fas fa-angle-right\"><\/i><\/a><\/div>\n                            <\/div>\n                        <\/div>\n                    <\/div>\n\t\t\t\t\t                                        <div class=\"col-lg-4 col-md-6 col-sm-12 service-block\">\n                        <div class=\"service-block-three wow flipInY\" data-wow-delay=\"00ms\" data-wow-duration=\"1500ms\">\n                            <div class=\"inner-box\">\n                                <h3><a href=\"https:\/\/thestempedia.com\/product\/pictoblox\/\">PictoBlox<\/a><\/h3>\n                                <figure class=\"image-box\"><img width=\"200\" height=\"160\" src=\"https:\/\/aprendesemillainnova.com\/wp-content\/uploads\/2020\/03\/Screen-Shot-2021-07-22-at-15.21.59-200x160.png\" class=\"attachment-naxly_200x160 size-naxly_200x160 wp-post-image\" alt=\"\" loading=\"lazy\" \/><\/figure>\n                                <p>PictoBlox es una plataforma educativa sobre inteligencia artificial y programaci\u00f3n para ni\u00f1os y ni\u00f1as.Para entender la existencia de PictoBlox, primero hay que hablar del proyecto de STEMpedia, un sitio web dirigido por la compa\u00f1\u00eda STEM, especializada en el sistema de aprendizaje.<\/p>\n                                <div class=\"link\"><a href=\"https:\/\/thestempedia.com\/product\/pictoblox\/\"><i class=\"fas fa-angle-left\"><\/i>Read More<i class=\"fas fa-angle-right\"><\/i><\/a><\/div>\n                            <\/div>\n                        <\/div>\n                    <\/div>\n                                         \n                    <div class=\"col-lg-4 col-md-6 col-sm-12 service-block\">\n                        <div class=\"service-block-three wow flipInY\" data-wow-delay=\"200ms\" data-wow-duration=\"1500ms\">\n                            <div class=\"inner-box\">\n                                <figure class=\"image-box\"><img width=\"200\" height=\"160\" src=\"https:\/\/aprendesemillainnova.com\/wp-content\/uploads\/2020\/03\/quick-200x160.jpeg\" class=\"attachment-naxly_200x160 size-naxly_200x160 wp-post-image\" alt=\"\" loading=\"lazy\" \/><\/figure>\n                                <h3><a href=\"https:\/\/quickdraw.withgoogle.com\/\">Google Quick Draw<\/a><\/h3>\n                                <p>Google\u00a0ha desarrollado una inteligencia artificial que a trav\u00e9s de\u00a0Quick Draw nos adivina lo que estamos dibujando. Esta plataforma es una red neuronal en forma de aplicaci\u00f3n web que te pide dibujar seis objetos en pocos segundos.<\/p>\n                                <div class=\"link\"><a href=\"https:\/\/quickdraw.withgoogle.com\/\"><i class=\"fas fa-angle-left\"><\/i>Read More<i class=\"fas fa-angle-right\"><\/i><\/a><\/div>\n                            <\/div>\n                        <\/div>\n                    <\/div>\n\t\t\t\t\t                                        <div class=\"col-lg-4 col-md-6 col-sm-12 service-block\">\n                        <div class=\"service-block-three wow flipInY\" data-wow-delay=\"00ms\" data-wow-duration=\"1500ms\">\n                            <div class=\"inner-box\">\n                                <h3><a href=\"https:\/\/web.learningml.org\/\">LearningML \u2013 AI made easy<\/a><\/h3>\n                                <figure class=\"image-box\"><img width=\"200\" height=\"160\" src=\"https:\/\/aprendesemillainnova.com\/wp-content\/uploads\/2020\/03\/genio-200x160.jpeg\" class=\"attachment-naxly_200x160 size-naxly_200x160 wp-post-image\" alt=\"\" loading=\"lazy\" \/><\/figure>\n                                <p>LearningML\u00a0es una plataforma educativa para la ense\u00f1anza y el aprendizaje de una de las t\u00e9cnicas de IA m\u00e1s utilizadas en la actualidad: el Aprendizaje Autom\u00e1tico, o Machine\u00a0Learning (ML),<\/p>\n                                <div class=\"link\"><a href=\"https:\/\/web.learningml.org\/\"><i class=\"fas fa-angle-left\"><\/i>Read More<i class=\"fas fa-angle-right\"><\/i><\/a><\/div>\n                            <\/div>\n                        <\/div>\n                    <\/div>\n                                         \n                    <div class=\"col-lg-4 col-md-6 col-sm-12 service-block\">\n                        <div class=\"service-block-three wow flipInY\" data-wow-delay=\"200ms\" data-wow-duration=\"1500ms\">\n                            <div class=\"inner-box\">\n                                <figure class=\"image-box\"><img width=\"200\" height=\"160\" src=\"https:\/\/aprendesemillainnova.com\/wp-content\/uploads\/2020\/03\/lll-200x160.png\" class=\"attachment-naxly_200x160 size-naxly_200x160 wp-post-image\" alt=\"\" loading=\"lazy\" srcset=\"https:\/\/aprendesemillainnova.com\/wp-content\/uploads\/2020\/03\/lll-200x160.png 200w, https:\/\/aprendesemillainnova.com\/wp-content\/uploads\/2020\/03\/lll-245x196.png 245w\" sizes=\"(max-width: 200px) 100vw, 200px\" \/><\/figure>\n                                <h3><a href=\"https:\/\/machinelearningforkids.co.uk\/\">Machine Learning for Kids<\/a><\/h3>\n                                <p>Machine Learning for Kids\u00a0es una p\u00e1gina web que introduce a las personas al aprendizaje autom\u00e1tico de las m\u00e1quinas mediante diferentes pr\u00e1cticas. Es muy f\u00e1cil de utilizar y ofrece diversas facilidades para entrenar modelos que pueden identificar im\u00e1genes, n\u00fameros, textos o sonidos.<\/p>\n                                <div class=\"link\"><a href=\"https:\/\/machinelearningforkids.co.uk\/\"><i class=\"fas fa-angle-left\"><\/i>Read More<i class=\"fas fa-angle-right\"><\/i><\/a><\/div>\n                            <\/div>\n                        <\/div>\n                    <\/div>\n\t\t\t\t\t                                        <div class=\"col-lg-4 col-md-6 col-sm-12 service-block\">\n                        <div class=\"service-block-three wow flipInY\" data-wow-delay=\"00ms\" data-wow-duration=\"1500ms\">\n                            <div class=\"inner-box\">\n                                <h3><a href=\"https:\/\/lab.scratch.mit.edu\/\">Scratch Lab<\/a><\/h3>\n                                <figure class=\"image-box\"><img width=\"200\" height=\"160\" src=\"https:\/\/aprendesemillainnova.com\/wp-content\/uploads\/2020\/12\/nina-200x160.jpeg\" class=\"attachment-naxly_200x160 size-naxly_200x160 wp-post-image\" alt=\"\" loading=\"lazy\" \/><\/figure>\n                                <p>No hay informe sobre la educaci\u00f3n que no mencione la inteligencia artificial como una prioridad para ser incorporada a la pr\u00e1ctica docente.\u00a0Scratch Lab te permite aprende a incorporar inteligencia artificial en el aula con \u00a0extensiones programadas con inteligencia artificial como Face Sensing (reconocimiento de rostros).<\/p>\n                                <div class=\"link\"><a href=\"https:\/\/lab.scratch.mit.edu\/\"><i class=\"fas fa-angle-left\"><\/i>Read More<i class=\"fas fa-angle-right\"><\/i><\/a><\/div>\n                            <\/div>\n                        <\/div>\n                    <\/div>\n                                    <\/div> \n            <\/div>\n        <\/section>\n        <!-- service-style-three end -->\n          \n        \t\t<\/div>\n\t\t\t\t<\/div>\n\t\t\t\t\t<\/div>\n\t\t<\/div>\n\t\t\t\t\t\t\t<\/div>\n\t\t<\/section>\n\t\t\t\t\t\t<\/div>\n\t\t\t\t\t<\/div>\n\t\t","protected":false},"excerpt":{"rendered":"<p>DALL\u00b7E: Creating Images from Text OpenAI ha dise\u00f1ado un sistema de Inteligencia Artificial que hace precisamente esto, convertir una cadena de texto en una imagen. Lo han bautizado DALL-E, creando un curioso juego de palabras. Read More Google Lens Con Google\u00a0Lens puedes buscar informaci\u00f3n sobre todo aquello que veas, completar tareas m\u00e1s r\u00e1pido y comprender [&hellip;]<\/p>\n","protected":false},"author":1,"featured_media":0,"parent":0,"menu_order":0,"comment_status":"closed","ping_status":"closed","template":"tpl-default-elementor.php","meta":[],"_links":{"self":[{"href":"https:\/\/aprendesemillainnova.com\/index.php?rest_route=\/wp\/v2\/pages\/737"}],"collection":[{"href":"https:\/\/aprendesemillainnova.com\/index.php?rest_route=\/wp\/v2\/pages"}],"about":[{"href":"https:\/\/aprendesemillainnova.com\/index.php?rest_route=\/wp\/v2\/types\/page"}],"author":[{"embeddable":true,"href":"https:\/\/aprendesemillainnova.com\/index.php?rest_route=\/wp\/v2\/users\/1"}],"replies":[{"embeddable":true,"href":"https:\/\/aprendesemillainnova.com\/index.php?rest_route=%2Fwp%2Fv2%2Fcomments&post=737"}],"version-history":[{"count":18,"href":"https:\/\/aprendesemillainnova.com\/index.php?rest_route=\/wp\/v2\/pages\/737\/revisions"}],"predecessor-version":[{"id":2128,"href":"https:\/\/aprendesemillainnova.com\/index.php?rest_route=\/wp\/v2\/pages\/737\/revisions\/2128"}],"wp:attachment":[{"href":"https:\/\/aprendesemillainnova.com\/index.php?rest_route=%2Fwp%2Fv2%2Fmedia&parent=737"}],"curies":[{"name":"wp","href":"https:\/\/api.w.org\/{rel}","templated":true}]}}